{"id":5035,"date":"2017-11-25T19:02:39","date_gmt":"2017-11-25T16:02:39","guid":{"rendered":"https:\/\/oudagan.com\/?post_type=product&#038;p=5035"},"modified":"2018-11-26T18:59:50","modified_gmt":"2018-11-26T15:59:50","slug":"taiga-de-khabarovsk","status":"publish","type":"product","link":"https:\/\/www.oudagan.com\/it\/product\/taiga-de-khabarovsk\/","title":{"rendered":"(Fran\u00e7ais) Khabarovsk : journ\u00e9e dans la ta\u00efga"},"content":{"rendered":"<p class=\"qtranxs-available-languages-message qtranxs-available-languages-message-it\">Ci spiace, ma questo articolo \u00e8 disponibile soltanto in <a href=\"https:\/\/www.oudagan.com\/fr\/wp-json\/wp\/v2\/product\/5035\" class=\"qtranxs-available-language-link qtranxs-available-language-link-fr\" title=\"Fran\u00e7ais\">francese<\/a> e <a href=\"https:\/\/www.oudagan.com\/en\/wp-json\/wp\/v2\/product\/5035\" class=\"qtranxs-available-language-link qtranxs-available-language-link-en\" title=\"English\">inglese americano<\/a>.<\/p>","protected":false},"excerpt":{"rendered":"<p class=\"qtranxs-available-languages-message qtranxs-available-languages-message-it\">Ci spiace, ma questo articolo \u00e8 disponibile soltanto in <a href=\"https:\/\/www.oudagan.com\/fr\/wp-json\/wp\/v2\/product\/5035\" class=\"qtranxs-available-language-link qtranxs-available-language-link-fr\" title=\"Fran\u00e7ais\">francese<\/a> e <a href=\"https:\/\/www.oudagan.com\/en\/wp-json\/wp\/v2\/product\/5035\" class=\"qtranxs-available-language-link qtranxs-available-language-link-en\" title=\"English\">inglese americano<\/a>.<\/p>\n","protected":false},"featured_media":5141,"template":"","meta":[],"_links":{"self":[{"href":"https:\/\/www.oudagan.com\/it\/wp-json\/wp\/v2\/product\/5035"}],"collection":[{"href":"https:\/\/www.oudagan.com\/it\/wp-json\/wp\/v2\/product"}],"about":[{"href":"https:\/\/www.oudagan.com\/it\/wp-json\/wp\/v2\/types\/product"}],"wp:featuredmedia":[{"embeddable":true,"href":"https:\/\/www.oudagan.com\/it\/wp-json\/wp\/v2\/media\/5141"}],"wp:attachment":[{"href":"https:\/\/www.oudagan.com\/it\/wp-json\/wp\/v2\/media?parent=5035"}],"curies":[{"name":"wp","href":"https:\/\/api.w.org\/{rel}","templated":true}]}}