{"id":5060,"date":"2018-01-28T13:27:59","date_gmt":"2018-01-28T10:27:59","guid":{"rendered":"https:\/\/oudagan.com\/?post_type=product&#038;p=5060"},"modified":"2020-05-05T19:12:11","modified_gmt":"2020-05-05T18:12:11","slug":"suzdal","status":"publish","type":"product","link":"https:\/\/www.oudagan.com\/fr\/product\/suzdal\/","title":{"rendered":"Vladimir &#038; Souzdal"},"content":{"rendered":"<p>[vc_row][vc_column][vc_column_text]Dur\u00e9e: 12h<br \/>\nLieu de RDV: la gare Kourski sous le tableau de d\u00e9parts. Le guide aura la pancarte OUDAGAN.<br \/>\nD\u00e9but: 9h (le train rapide de 9h30)<br \/>\nFin de la promenade: la gare Kourski (arriv\u00e9e 22h10)<\/p>\n<p>Temps forts:<\/p>\n<ul>\n<li>visite des principaux monuments \u00e0 Vladimir: cath\u00e9drale St. Dimitri, cath\u00e9drale de la Dormition, porte d&rsquo;Or.<\/li>\n<li>Kremlin de Suzdal avec tous ses monuments: la Cath\u00e9drale de la Nativit\u00e9, l&rsquo;\u00c9glise de Saint-Nicolas et les Chambres d&rsquo;\u00c9v\u00eaque<\/li>\n<li>Monast\u00e8re du Sauveur-Saint-Euthyme qui existe depuis le XIV\u00e8me si\u00e8cle et est inscrit au patrimoine mondial de l\u2019UNESCO<\/li>\n<li>march\u00e9 du Gostiny Dvor pour gouter de la m\u00e9dovoukha<\/li>\n<\/ul>\n<p>Inclus: les billets de train, les billets d&rsquo;entr\u00e9e pour tous les mus\u00e9es, d\u00e9gustation de la m\u00e9dovoukha, guide-accompagnateur depuis Moscou.[\/vc_column_text][\/vc_column][\/vc_row]<\/p>","protected":false},"excerpt":{"rendered":"<p>Vous \u00eates a Moscou et vous avez un jour libre? Voulez-vous d\u00e9couvrir la ville ancienne de Souzdal\u00a0 avec ses ensembles architecturales de 17-18 si\u00e8cles et le mus\u00e9e de l&rsquo;architecture en bois?<\/p>\n<p>&nbsp;<\/p>\n","protected":false},"featured_media":5140,"template":"","meta":[],"_links":{"self":[{"href":"https:\/\/www.oudagan.com\/fr\/wp-json\/wp\/v2\/product\/5060"}],"collection":[{"href":"https:\/\/www.oudagan.com\/fr\/wp-json\/wp\/v2\/product"}],"about":[{"href":"https:\/\/www.oudagan.com\/fr\/wp-json\/wp\/v2\/types\/product"}],"wp:featuredmedia":[{"embeddable":true,"href":"https:\/\/www.oudagan.com\/fr\/wp-json\/wp\/v2\/media\/5140"}],"wp:attachment":[{"href":"https:\/\/www.oudagan.com\/fr\/wp-json\/wp\/v2\/media?parent=5060"}],"curies":[{"name":"wp","href":"https:\/\/api.w.org\/{rel}","templated":true}]}}