{"id":5035,"date":"2017-11-25T19:02:39","date_gmt":"2017-11-25T16:02:39","guid":{"rendered":"https:\/\/oudagan.com\/?post_type=product&#038;p=5035"},"modified":"2018-11-26T18:59:50","modified_gmt":"2018-11-26T15:59:50","slug":"taiga-de-khabarovsk","status":"publish","type":"product","link":"https:\/\/www.oudagan.com\/fr\/product\/taiga-de-khabarovsk\/","title":{"rendered":"Khabarovsk : journ\u00e9e dans la ta\u00efga"},"content":{"rendered":"<p>Duration: 1 day + 1 night<br \/>\nMeeting place : railway station or your hotel<br \/>\nDeparture: 9 a.m.<br \/>\nDrop-off place : railway station or your hotel<\/p>","protected":false},"excerpt":{"rendered":"<p>Sortez des sentiers battus!<br \/>\nVisitez la ta\u00efga et passez la nuit chez l&rsquo;habitant.<br \/>\nD\u00e9couvrez la beaut\u00e9 de la nature de la Sib\u00e9rie orientale, la p\u00eache a la Sib\u00e9rienne, la bania, la cuisine traditionnelle de la maison, l&rsquo;hospitalit\u00e9 russe!<\/p>\n","protected":false},"featured_media":5141,"template":"","meta":[],"_links":{"self":[{"href":"https:\/\/www.oudagan.com\/fr\/wp-json\/wp\/v2\/product\/5035"}],"collection":[{"href":"https:\/\/www.oudagan.com\/fr\/wp-json\/wp\/v2\/product"}],"about":[{"href":"https:\/\/www.oudagan.com\/fr\/wp-json\/wp\/v2\/types\/product"}],"wp:featuredmedia":[{"embeddable":true,"href":"https:\/\/www.oudagan.com\/fr\/wp-json\/wp\/v2\/media\/5141"}],"wp:attachment":[{"href":"https:\/\/www.oudagan.com\/fr\/wp-json\/wp\/v2\/media?parent=5035"}],"curies":[{"name":"wp","href":"https:\/\/api.w.org\/{rel}","templated":true}]}}