{"id":1385,"date":"2015-05-22T10:55:02","date_gmt":"2015-05-22T07:55:02","guid":{"rendered":"http:\/\/www.nicdarkthemes.com\/themes\/love-travel\/wp\/demo-travel\/product\/product-9\/"},"modified":"2018-11-26T19:01:20","modified_gmt":"2018-11-26T16:01:20","slug":"moscow-arbat","status":"publish","type":"product","link":"https:\/\/www.oudagan.com\/fr\/product\/moscow-arbat\/","title":{"rendered":"Moscou: une journ\u00e9e \u00e0 la datcha"},"content":{"rendered":"<p>Dur\u00e9e: une journ\u00e9e<br \/>\nLieu de RDV : d\u00e9part en train r\u00e9gional<br \/>\nD\u00e9but de la promenade: RDV avec votre guide \u00e0 la gare \u00e0 8h00<br \/>\nFin de la promenade : \u00e0 la gare au retour \u00e0 Moscou<\/p>","protected":false},"excerpt":{"rendered":"<p>Sortez des sentiers battus lors de votre visite de la ville. Faites le tour du quartier d&rsquo;Arbat, en reliant le 19eme si\u00e8cle et la p\u00e9riode sovi\u00e9tique.<\/p>\n<p>Pour y acc\u00e9der prenez le m\u00e9tro et voyez quelque stations historique connues pour leur d\u00e9cor impressionnant.<\/p>\n<p>&nbsp;<\/p>\n","protected":false},"featured_media":5165,"template":"","meta":[],"_links":{"self":[{"href":"https:\/\/www.oudagan.com\/fr\/wp-json\/wp\/v2\/product\/1385"}],"collection":[{"href":"https:\/\/www.oudagan.com\/fr\/wp-json\/wp\/v2\/product"}],"about":[{"href":"https:\/\/www.oudagan.com\/fr\/wp-json\/wp\/v2\/types\/product"}],"wp:featuredmedia":[{"embeddable":true,"href":"https:\/\/www.oudagan.com\/fr\/wp-json\/wp\/v2\/media\/5165"}],"wp:attachment":[{"href":"https:\/\/www.oudagan.com\/fr\/wp-json\/wp\/v2\/media?parent=1385"}],"curies":[{"name":"wp","href":"https:\/\/api.w.org\/{rel}","templated":true}]}}