{"id":1384,"date":"2015-05-22T10:54:39","date_gmt":"2015-05-22T07:54:39","guid":{"rendered":"http:\/\/www.nicdarkthemes.com\/themes\/love-travel\/wp\/demo-travel\/product\/product-8\/"},"modified":"2020-05-14T17:18:03","modified_gmt":"2020-05-14T16:18:03","slug":"moscow-centre","status":"publish","type":"product","link":"https:\/\/www.oudagan.com\/fr\/product\/moscow-centre\/","title":{"rendered":"Moscou: incontournables du centre-ville"},"content":{"rendered":"<p>Dur\u00e9e: 3 heures<br \/>\nLieu de RDV : Place devant la station de m\u00e9tro : Kropotkinskaya<br \/>\nD\u00e9but de la promenade: 10h00<br \/>\nFin de la promenade : rue Poushkinskaya<\/p>","protected":false},"excerpt":{"rendered":"<p>Sortez des sentiers battus lors de votre visite du centre-ville. D\u00e9couvrez les lieux incontournables: Place Rouge, cath\u00e9drales Saint-Sauveur et Saint-Basile, le th\u00e9\u00e2tre Bolsho\u00ef, mais aussi des coins m\u00e9connus et nos adresses secr\u00e8tes qu&rsquo;on vous d\u00e9voilera avec joie.<\/p>\n<p>Oubliez votre guide de voyage et plongez dans la vie r\u00e9elle avec votre guide local;<\/p>\n<p>Goutez des tapas \u00e0 la russe;<\/p>\n<p>D\u00e9couvrez ce qui est reste du pass\u00e9 sovi\u00e9tique et tsariste dans la culture d\u2019aujourd\u2019hui!<\/p>\n<p>&nbsp;<\/p>\n","protected":false},"featured_media":5155,"template":"","meta":[],"_links":{"self":[{"href":"https:\/\/www.oudagan.com\/fr\/wp-json\/wp\/v2\/product\/1384"}],"collection":[{"href":"https:\/\/www.oudagan.com\/fr\/wp-json\/wp\/v2\/product"}],"about":[{"href":"https:\/\/www.oudagan.com\/fr\/wp-json\/wp\/v2\/types\/product"}],"wp:featuredmedia":[{"embeddable":true,"href":"https:\/\/www.oudagan.com\/fr\/wp-json\/wp\/v2\/media\/5155"}],"wp:attachment":[{"href":"https:\/\/www.oudagan.com\/fr\/wp-json\/wp\/v2\/media?parent=1384"}],"curies":[{"name":"wp","href":"https:\/\/api.w.org\/{rel}","templated":true}]}}