{"id":1383,"date":"2015-05-22T10:54:17","date_gmt":"2015-05-22T07:54:17","guid":{"rendered":"http:\/\/www.nicdarkthemes.com\/themes\/love-travel\/wp\/demo-travel\/product\/product-7\/"},"modified":"2018-11-26T19:35:05","modified_gmt":"2018-11-26T16:35:05","slug":"st-petersburg-center","status":"publish","type":"product","link":"https:\/\/www.oudagan.com\/fr\/product\/st-petersburg-center\/","title":{"rendered":"Saint-P\u00e9tersbourg: centre-ville"},"content":{"rendered":"<p>Dur\u00e9e: 4 heures<\/p>\n<p>Promenade commence \u00e0 10h00<\/p>\n<p>D\u00e9but de la promenade\u00a0: Saint Isaac<\/p>\n<p>Fin de la promenade\u00a0: Palais Mikha\u00eflov<\/p>","protected":false},"excerpt":{"rendered":"<p>Faire connaissance avec les lieux phares de Saint-P\u00e9tersbourg\u00a0: le Palais d\u2019Hiver, la forteresse Pierre et Paul, la cath\u00e9drale St Isaac, les palais des aristocrates de l\u2019\u00e9poque de Pierre le Grande et Catherine la Grande, et d\u2019autres.<\/p>\n<p>D\u00e9couvrir les joyaux cach\u00e9s de la ville.<\/p>\n<p>D\u00e9gustez un repas \u00e0 la russe et comme un vrai russe \u00e0 une adresse pr\u00e9f\u00e9r\u00e9e de votre guide local et d\u00e9couvrez l\u2019histoire du b\u0153uf stroganoff.<\/p>\n<p>Discutez de la vie actuelle et apprenez ce que pensent les locaux de la vie dans leur ville.<\/p>\n","protected":false},"featured_media":5147,"template":"","meta":[],"_links":{"self":[{"href":"https:\/\/www.oudagan.com\/fr\/wp-json\/wp\/v2\/product\/1383"}],"collection":[{"href":"https:\/\/www.oudagan.com\/fr\/wp-json\/wp\/v2\/product"}],"about":[{"href":"https:\/\/www.oudagan.com\/fr\/wp-json\/wp\/v2\/types\/product"}],"wp:featuredmedia":[{"embeddable":true,"href":"https:\/\/www.oudagan.com\/fr\/wp-json\/wp\/v2\/media\/5147"}],"wp:attachment":[{"href":"https:\/\/www.oudagan.com\/fr\/wp-json\/wp\/v2\/media?parent=1383"}],"curies":[{"name":"wp","href":"https:\/\/api.w.org\/{rel}","templated":true}]}}