{"id":1380,"date":"2015-05-22T10:52:51","date_gmt":"2015-05-22T07:52:51","guid":{"rendered":"http:\/\/www.nicdarkthemes.com\/themes\/love-travel\/wp\/demo-travel\/product\/product-4\/"},"modified":"2020-09-10T08:54:02","modified_gmt":"2020-09-10T07:54:02","slug":"irkutsk","status":"publish","type":"product","link":"https:\/\/www.oudagan.com\/fr\/product\/irkutsk\/","title":{"rendered":"Irkoutsk: le meilleur de la ville"},"content":{"rendered":"<p>[vc_row][vc_column][vc_column_text]Dur\u00e9e: 3,5 heures<br \/>\nLieu du rendez-vous: le guide vient vous chercher \u00e0 l&rsquo;h\u00f4tel.<br \/>\nL&rsquo;excursion commence \u00e0 \u00a010h00.<br \/>\nA la fin de la visite le guide vous laissera quelque part dans le centre ville.<\/p>\n<p>Points fort du tour:<\/p>\n<ul>\n<li>visiter tous les principaux points d&rsquo;int\u00e9r\u00eats de la ville<\/li>\n<li>d\u00e9couvrez l&rsquo;architecture de bois traditionnelle, le guide vous am\u00e8nera voir les maisons les plus int\u00e9ressantes<\/li>\n<li>faites une pause au march\u00e9 pour apprendere \u00e0 choisir votre omul ou les pignons, les deux produits phare de la r\u00e9gion du Baikal<\/li>\n<li>discutez avec votre guide local de la vie de tous les jours<\/li>\n<li>goutez un des plats mythique de la Sib\u00e9rie dans le lieu pr\u00e9f\u00e9r\u00e9 de votre guide<\/li>\n<\/ul>\n<p>Type de l&rsquo;excursion : \u00e0 pied, en voiture[\/vc_column_text][\/vc_column][\/vc_row]<\/p>","protected":false},"excerpt":{"rendered":"<p>Tous les lieux phares de la ville en une demi-journ\u00e9e\u00a0: les \u00e9glises multicolores, les charmantes maisons en bois, le march\u00e9 avec le fameux poisson local omul.<\/p>\n","protected":false},"featured_media":5151,"template":"","meta":[],"_links":{"self":[{"href":"https:\/\/www.oudagan.com\/fr\/wp-json\/wp\/v2\/product\/1380"}],"collection":[{"href":"https:\/\/www.oudagan.com\/fr\/wp-json\/wp\/v2\/product"}],"about":[{"href":"https:\/\/www.oudagan.com\/fr\/wp-json\/wp\/v2\/types\/product"}],"wp:featuredmedia":[{"embeddable":true,"href":"https:\/\/www.oudagan.com\/fr\/wp-json\/wp\/v2\/media\/5151"}],"wp:attachment":[{"href":"https:\/\/www.oudagan.com\/fr\/wp-json\/wp\/v2\/media?parent=1380"}],"curies":[{"name":"wp","href":"https:\/\/api.w.org\/{rel}","templated":true}]}}