{"id":1376,"date":"2015-05-22T10:46:38","date_gmt":"2015-05-22T07:46:38","guid":{"rendered":"http:\/\/www.nicdarkthemes.com\/themes\/love-travel\/wp\/demo-travel\/product\/product-2\/"},"modified":"2018-11-27T10:55:29","modified_gmt":"2018-11-27T07:55:29","slug":"khabarovsk","status":"publish","type":"product","link":"https:\/\/www.oudagan.com\/fr\/product\/khabarovsk\/","title":{"rendered":"Souzdal &#038; Vladimir"},"content":{"rendered":"<p>Dur\u00e9e: 8 heures<br \/>\nLieu de RDV : Place devant la gare ferroviaire.<br \/>\nD\u00e9but de la promenade: 8h00<br \/>\nFin de la promenade : Place devant la gare ferroviaire<\/p>","protected":false},"excerpt":{"rendered":"<p>Offrez-vous les sensations des pionniers p\u00e9n\u00e9trant dans la ta\u00efga.<\/p>\n<p>Allez \u00e0 la p\u00eache avec les locaux et rencontrez les populations locales dont est issu le fameux Dersou Ouzala.<\/p>\n<p>Goutez \u00e0 la cuisine de la ta\u00efga.<\/p>\n<p>Profitez des panoramas sur le fleuve Amour.<\/p>\n","protected":false},"featured_media":5152,"template":"","meta":[],"_links":{"self":[{"href":"https:\/\/www.oudagan.com\/fr\/wp-json\/wp\/v2\/product\/1376"}],"collection":[{"href":"https:\/\/www.oudagan.com\/fr\/wp-json\/wp\/v2\/product"}],"about":[{"href":"https:\/\/www.oudagan.com\/fr\/wp-json\/wp\/v2\/types\/product"}],"wp:featuredmedia":[{"embeddable":true,"href":"https:\/\/www.oudagan.com\/fr\/wp-json\/wp\/v2\/media\/5152"}],"wp:attachment":[{"href":"https:\/\/www.oudagan.com\/fr\/wp-json\/wp\/v2\/media?parent=1376"}],"curies":[{"name":"wp","href":"https:\/\/api.w.org\/{rel}","templated":true}]}}