{"id":1365,"date":"2015-05-21T22:25:23","date_gmt":"2015-05-21T19:25:23","guid":{"rendered":"http:\/\/www.nicdarkthemes.com\/themes\/love-travel\/wp\/demo-travel\/?post_type=product&#038;p=1365"},"modified":"2018-11-27T10:56:10","modified_gmt":"2018-11-27T07:56:10","slug":"vladivostok","status":"publish","type":"product","link":"https:\/\/www.oudagan.com\/fr\/product\/vladivostok\/","title":{"rendered":"Vladivostok"},"content":{"rendered":"<p class=\"qtranxs-available-languages-message qtranxs-available-languages-message-fr\">D\u00e9sol\u00e9, cet article est seulement disponible en <a href=\"https:\/\/www.oudagan.com\/en\/wp-json\/wp\/v2\/product\/1365\" class=\"qtranxs-available-language-link qtranxs-available-language-link-en\" title=\"English\">anglais am\u00e9ricain<\/a> et <a href=\"https:\/\/www.oudagan.com\/it\/wp-json\/wp\/v2\/product\/1365\" class=\"qtranxs-available-language-link qtranxs-available-language-link-it\" title=\"Italiano\">italien<\/a>.<\/p>","protected":false},"excerpt":{"rendered":"<p>Plongez-vous dans l\u2019histoire passionnante de la conqu\u00eate de l\u2019extr\u00eame orient russe.<\/p>\n<p>D\u00e9couvrez le c\u00f4t\u00e9 ancien et le c\u00f4t\u00e9 contemporain de la ville.<\/p>\n<p>Suivez les traces de Dersou Ouzala.<\/p>\n<p>D\u00e9couvrez ce que repr\u00e9sente le Transsib\u00e9rien pour les locaux.<\/p>\n","protected":false},"featured_media":5148,"template":"","meta":[],"_links":{"self":[{"href":"https:\/\/www.oudagan.com\/fr\/wp-json\/wp\/v2\/product\/1365"}],"collection":[{"href":"https:\/\/www.oudagan.com\/fr\/wp-json\/wp\/v2\/product"}],"about":[{"href":"https:\/\/www.oudagan.com\/fr\/wp-json\/wp\/v2\/types\/product"}],"wp:featuredmedia":[{"embeddable":true,"href":"https:\/\/www.oudagan.com\/fr\/wp-json\/wp\/v2\/media\/5148"}],"wp:attachment":[{"href":"https:\/\/www.oudagan.com\/fr\/wp-json\/wp\/v2\/media?parent=1365"}],"curies":[{"name":"wp","href":"https:\/\/api.w.org\/{rel}","templated":true}]}}