{"id":28,"date":"2016-02-14T12:44:49","date_gmt":"2016-02-14T09:44:49","guid":{"rendered":"http:\/\/oudagan.com\/?page_id=28"},"modified":"2020-03-09T13:32:47","modified_gmt":"2020-03-09T10:32:47","slug":"fishing-trekking-heliski-horse-trekking-in-siberia-or-kamchatka","status":"publish","type":"page","link":"https:\/\/www.oudagan.com\/fr\/fishing-trekking-heliski-horse-trekking-in-siberia-or-kamchatka\/","title":{"rendered":"Qui sommes nous"},"content":{"rendered":"<p>[vc_row][vc_column offset=\u00a0\u00bbvc_hidden-md vc_hidden-sm vc_hidden-xs\u00a0\u00bb][vc_empty_space height=\u00a0\u00bb50px\u00a0\u00bb][\/vc_column][\/vc_row][vc_row][vc_column width=\u00a0\u00bb1\/3&Prime; css=\u00a0\u00bb.vc_custom_1542976226150{background-color: #eeeeee !important;}\u00a0\u00bb el_class=\u00a0\u00bbstyled1&Prime; offset=\u00a0\u00bbvc_col-lg-2 vc_col-xs-6&Prime;][vc_empty_space height=\u00a0\u00bb20px\u00a0\u00bb][vc_single_image image=\u00a0\u00bb5733&Prime; img_size=\u00a0\u00bbfull\u00a0\u00bb alignment=\u00a0\u00bbcenter\u00a0\u00bb][vc_column_text]<\/p>\n<h4>P\u00caCHE<\/h4>\n<p>[\/vc_column_text][vc_empty_space height=\u00a0\u00bb40px\u00a0\u00bb][\/vc_column][vc_column width=\u00a0\u00bb1\/3&Prime; css=\u00a0\u00bb.vc_custom_1542976270715{margin-top: 0px !important;margin-bottom: 0px !important;background-color: #dddddd !important;}\u00a0\u00bb el_class=\u00a0\u00bbstyled1&Prime; offset=\u00a0\u00bbvc_col-lg-2 vc_col-xs-6&Prime;][vc_empty_space height=\u00a0\u00bb20px\u00a0\u00bb][vc_single_image image=\u00a0\u00bb5737&Prime; img_size=\u00a0\u00bbfull\u00a0\u00bb alignment=\u00a0\u00bbcenter\u00a0\u00bb][vc_column_text]<\/p>\n<h4>TREKKING<\/h4>\n<p>[\/vc_column_text][vc_empty_space height=\u00a0\u00bb40px\u00a0\u00bb][\/vc_column][vc_column width=\u00a0\u00bb1\/3&Prime; css=\u00a0\u00bb.vc_custom_1542976314735{margin-top: 0px !important;margin-bottom: 0px !important;background-color: #eeeeee !important;}\u00a0\u00bb el_class=\u00a0\u00bbstyled1&Prime; offset=\u00a0\u00bbvc_col-lg-2 vc_col-xs-6&Prime;][vc_empty_space height=\u00a0\u00bb20px\u00a0\u00bb][vc_single_image image=\u00a0\u00bb5734&Prime; img_size=\u00a0\u00bbfull\u00a0\u00bb alignment=\u00a0\u00bbcenter\u00a0\u00bb][vc_column_text]<\/p>\n<h4>H\u00c9LISKI<\/h4>\n<p>[\/vc_column_text][vc_empty_space height=\u00a0\u00bb40px\u00a0\u00bb][\/vc_column][vc_column width=\u00a0\u00bb1\/3&Prime; css=\u00a0\u00bb.vc_custom_1542976326859{margin-top: 0px !important;margin-bottom: 0px !important;background-color: #dddddd !important;}\u00a0\u00bb el_class=\u00a0\u00bbstyled1&Prime; offset=\u00a0\u00bbvc_col-lg-2 vc_col-xs-6&Prime;][vc_empty_space height=\u00a0\u00bb20px\u00a0\u00bb][vc_single_image image=\u00a0\u00bb5735&Prime; img_size=\u00a0\u00bbfull\u00a0\u00bb alignment=\u00a0\u00bbcenter\u00a0\u00bb][vc_column_text]<\/p>\n<h4>Transsib\u00e9rien<\/h4>\n<p>[\/vc_column_text][vc_empty_space height=\u00a0\u00bb40px\u00a0\u00bb][\/vc_column][vc_column width=\u00a0\u00bb1\/3&Prime; css=\u00a0\u00bb.vc_custom_1542976331998{margin-top: 0px !important;margin-bottom: 0px !important;background-color: #eeeeee !important;}\u00a0\u00bb el_class=\u00a0\u00bbstyled1&Prime; offset=\u00a0\u00bbvc_col-lg-2 vc_col-xs-6&Prime;][vc_empty_space height=\u00a0\u00bb20px\u00a0\u00bb][vc_single_image image=\u00a0\u00bb5732&Prime; img_size=\u00a0\u00bbfull\u00a0\u00bb alignment=\u00a0\u00bbcenter\u00a0\u00bb][vc_column_text]<\/p>\n<h4>BIRDWATCHING<\/h4>\n<p>[\/vc_column_text][vc_empty_space height=\u00a0\u00bb40px\u00a0\u00bb][\/vc_column][vc_column width=\u00a0\u00bb1\/3&Prime; offset=\u00a0\u00bbvc_col-lg-2 vc_col-xs-6&Prime; el_class=\u00a0\u00bbstyled1&Prime; css=\u00a0\u00bb.vc_custom_1542976337994{margin-top: 0px !important;margin-bottom: 0px !important;background-color: #dddddd !important;}\u00a0\u00bb][vc_empty_space height=\u00a0\u00bb20px\u00a0\u00bb][vc_single_image image=\u00a0\u00bb5749&Prime; img_size=\u00a0\u00bbfull\u00a0\u00bb alignment=\u00a0\u00bbcenter\u00a0\u00bb][vc_column_text]<\/p>\n<h4>Culture<\/h4>\n<p>[\/vc_column_text][vc_empty_space height=\u00a0\u00bb40px\u00a0\u00bb][\/vc_column][\/vc_row][vc_row][vc_column][vc_empty_space height=\u00a0\u00bb50px\u00a0\u00bb][\/vc_column][\/vc_row][vc_row][vc_column width=\u00a0\u00bb1\/3&Prime;]<div class=\"centered-box gem-image-centered-box\"><div class=\"gem-image gem-wrapbox gem-wrapbox-style-default gem-wrapbox-position-centered\"  style=\"\"><div class=\"gem-wrapbox-inner \" ><a href=\"https:\/\/www.oudagan.com\/wp-content\/uploads\/2018\/09\/photo5868721159992880512.jpg\" class=\"fancybox\"><img class=\"gem-wrapbox-element img-responsive\" src=\"https:\/\/www.oudagan.com\/wp-content\/uploads\/2018\/09\/photo5868721159992880512.jpg\" alt=\"\"\/><\/a><\/div><\/div><\/div>[\/vc_column][vc_column width=\u00a0\u00bb2\/3&Prime;][vc_column_text]Tatiana Churzina et son \u00e9quipe sont les sp\u00e9cialistes de la Russie et de ses r\u00e9gions insolites. Si nous vous proposons une exp\u00e9rience c\u2019est que nous l\u2019avons test\u00e9 nous-m\u00eames et saurons vous conseiller de la meilleure fa\u00e7on.<\/p>\n<p>Cet immense pays plein de richesses naturelles et culturelles regorge d\u2019itin\u00e9raires hors de sentiers battus dans les r\u00e9gions telles que Kamchatka, Yakoutie, Alta\u00ef. Avec des dizainnes d\u2019ann\u00e9es d\u2019exp\u00e9rience nos guides locaux connaissent leurs r\u00e9gions comme leurs poches et sont amoureux de leur pays. Ils ont la main sur le pouls pour tenir compte des moindres changements qui peuvent influencer votre voyage.<\/p>\n<p>Nos voyages sur mesure vous permettront de d\u00e9couvrir les contr\u00e9es sauvages et les cultures vari\u00e9es de la Russie \u00e0 votre rythme et aux dates choisies par vous-m\u00eames,<\/p>\n<p>Qu\u2019est-ce qui vous attend ? Les volcans, les geysers, les bains thermaux, l\u2019ours et le saumon, les crabes, le caviar, le p\u00f4le du froid, les traineaux de chien, la p\u00eache et peut-\u00eatre m\u00eame la chasse,<\/p>\n<p>Pour les plus sportifs \u2013 le h\u00e9liski, le trekking, le tourisme \u00e9questre.<\/p>\n<p><a href=\"https:\/\/www.oudagan.com\/contactez-nous\/\">Contactez-nous<\/a> et laissez vous conseiller![\/vc_column_text][\/vc_column][\/vc_row]<\/p>","protected":false},"excerpt":{"rendered":"<p>[vc_row][vc_column offset=\u00a0\u00bbvc_hidden-md vc_hidden-sm vc_hidden-xs\u00a0\u00bb][vc_empty_space height=\u00a0\u00bb50px\u00a0\u00bb][\/vc_column][\/vc_row][vc_row][vc_column width=\u00a0\u00bb1\/3&Prime; css=\u00a0\u00bb.vc_custom_1542976226150{background-color: #eeeeee !important;}\u00a0\u00bb el_class=\u00a0\u00bbstyled1&Prime; offset=\u00a0\u00bbvc_col-lg-2 vc_col-xs-6&Prime;][vc_empty_space height=\u00a0\u00bb20px\u00a0\u00bb][vc_single_image image=\u00a0\u00bb5733&Prime; img_size=\u00a0\u00bbfull\u00a0\u00bb alignment=\u00a0\u00bbcenter\u00a0\u00bb][vc_column_text] P\u00caCHE [\/vc_column_text][vc_empty_space height=\u00a0\u00bb40px\u00a0\u00bb][\/vc_column][vc_column width=\u00a0\u00bb1\/3&Prime; css=\u00a0\u00bb.vc_custom_1542976270715{margin-top: 0px !important;margin-bottom: 0px !important;background-color: #dddddd !important;}\u00a0\u00bb el_class=\u00a0\u00bbstyled1&Prime; offset=\u00a0\u00bbvc_col-lg-2 vc_col-xs-6&Prime;][vc_empty_space height=\u00a0\u00bb20px\u00a0\u00bb][vc_single_image image=\u00a0\u00bb5737&Prime; img_size=\u00a0\u00bbfull\u00a0\u00bb alignment=\u00a0\u00bbcenter\u00a0\u00bb][vc_column_text] TREKKING [\/vc_column_text][vc_empty_space height=\u00a0\u00bb40px\u00a0\u00bb][\/vc_column][vc_column&#8230;<\/p>\n","protected":false},"author":1,"featured_media":0,"parent":0,"menu_order":0,"comment_status":"closed","ping_status":"closed","template":"","meta":[],"_links":{"self":[{"href":"https:\/\/www.oudagan.com\/fr\/wp-json\/wp\/v2\/pages\/28"}],"collection":[{"href":"https:\/\/www.oudagan.com\/fr\/wp-json\/wp\/v2\/pages"}],"about":[{"href":"https:\/\/www.oudagan.com\/fr\/wp-json\/wp\/v2\/types\/page"}],"author":[{"embeddable":true,"href":"https:\/\/www.oudagan.com\/fr\/wp-json\/wp\/v2\/users\/1"}],"replies":[{"embeddable":true,"href":"https:\/\/www.oudagan.com\/fr\/wp-json\/wp\/v2\/comments?post=28"}],"version-history":[{"count":39,"href":"https:\/\/www.oudagan.com\/fr\/wp-json\/wp\/v2\/pages\/28\/revisions"}],"predecessor-version":[{"id":5752,"href":"https:\/\/www.oudagan.com\/fr\/wp-json\/wp\/v2\/pages\/28\/revisions\/5752"}],"wp:attachment":[{"href":"https:\/\/www.oudagan.com\/fr\/wp-json\/wp\/v2\/media?parent=28"}],"curies":[{"name":"wp","href":"https:\/\/api.w.org\/{rel}","templated":true}]}}